{"id":13275,"date":"2021-05-17T09:30:34","date_gmt":"2021-05-17T07:30:34","guid":{"rendered":"https:\/\/www.topivo.fr\/politique-de-confidentialite\/"},"modified":"2025-11-12T14:03:52","modified_gmt":"2025-11-12T13:03:52","slug":"politique-de-confidentialite","status":"publish","type":"page","link":"https:\/\/www.topivo.fr\/de\/politique-de-confidentialite\/","title":{"rendered":"Datenschutzrichtlinie"},"content":{"rendered":"<p>Definition der in der Datenschutzrichtlinie verwendeten Begriffe<br \/>\nNachfolgend werden bezeichnet:<\/p>\n<ul>\n<li>\u00ab  <strong>\u201ePersonenbezogene Daten\u201c:<\/strong>  wird gem\u00e4\u00df dem franz\u00f6sischen Datenschutzgesetz vom 6. Januar 1978 definiert als \u201ejede Information zu einer identifizierten oder identifizierbaren nat\u00fcrlichen Person oder zu einer Person, die durch die Heranziehung einer Identifikationsnummer oder einer oder mehrerer sie betreffender Merkmale direkt oder indirekt identifiziert werden kann\u201c.<\/li>\n<li>\u201e<strong>Website<\/strong>\u201c oder \u201eDienst\u201c: die Website <a href=\"https:\/\/www.topivo.fr\/\">https:\/\/www.topivo.fr\/<\/a> und alle ihre Seiten.<\/li>\n<li>\u201e<strong>Herausgeber<\/strong>\u201c oder \u201eWir\u201c: Topivo, die juristische oder nat\u00fcrliche Person, die f\u00fcr die Herausgabe und den Inhalt der Website verantwortlich ist.<\/li>\n<li>\u201e<strong>Nutzer<\/strong>\u201c oder \u201eSie\u201c: der Internetnutzer, der die Dienste der Website besucht und nutzt.<\/li>\n<\/ul>\n<hr\/>\n<h2><strong>Einf\u00fchrung und Rolle der Datenschutzrichtlinie<\/strong><\/h2>\n<p>Diese Richtlinie zielt darauf ab, Sie \u00fcber die Verpflichtungen der Website hinsichtlich der Wahrung Ihrer Privatsph\u00e4re und des Schutzes Ihrer personenbezogenen Daten zu informieren, die w\u00e4hrend Ihrer Nutzung des Dienstes erhoben und verarbeitet werden.<br \/>\nEs ist wichtig, dass Sie sich diese Datenschutzrichtlinie aufmerksam durchlesen, damit Sie wissen, warum wir Ihre Daten nutzen und wie wir dies tun.<br \/>\nIndem Sie sich auf der Website anmelden, verpflichten Sie sich, uns wahrheitsgem\u00e4\u00dfe Informationen \u00fcber Ihre Person zur Verf\u00fcgung zu stellen. Die Angabe falscher Informationen verst\u00f6\u00dft gegen die auf der Website aufgef\u00fchrten Allgemeinen Gesch\u00e4ftsbedingungen.<br \/>\nBitte beachten Sie, dass diese Datenschutzrichtlinie jederzeit ge\u00e4ndert oder erg\u00e4nzt werden kann, insbesondere um gesetzlichen, regulatorischen, rechtlichen oder technologischen Entwicklungen zu entsprechen. In einem solchen Fall wird das Datum der Aktualisierung deutlich angegeben.<br \/>\nDiese \u00c4nderungen sind f\u00fcr Sie ab dem Zeitpunkt ihrer Ver\u00f6ffentlichung verbindlich. Wir empfehlen Ihnen daher, diese Datenschutzrichtlinie regelm\u00e4\u00dfig zu \u00fcberpr\u00fcfen, um sich \u00fcber m\u00f6gliche \u00c4nderungen zu informieren.<br \/>\nZudem finden Sie hier eine Beschreibung Ihrer Rechte auf Datenschutz und wie das Gesetz Sie sch\u00fctzt.<br \/>\nWenn Sie Fragen zu dieser Datenschutzrichtlinie haben sollten oder Ihre in Artikel 10 dieser Datenschutzrichtlinie beschriebenen Rechte aus\u00fcben m\u00f6chten, wenden Sie sich bitte per E-Mail an uns unter der Adresse:  <a href=\"mailto:contact@topivo.fr\">contact@topivo.fr<\/a>  oder per Post an: TOPIVO, 2190 BD DE LA DEFENSE 92000 NANTERRE, FRANKREICH.<\/p>\n<hr\/>\n<h2><strong>Auf der Website erhobene Daten<\/strong><\/h2>\n<p>Bei den von der Website erhobenen und anschlie\u00dfend verarbeiteten Daten handelt es sich um diejenigen, die Sie uns freiwillig \u00fcbermitteln, indem Sie die verschiedenen Formulare auf der Website ausf\u00fcllen. Bei bestimmten inhaltlichen Vorg\u00e4ngen kann es dazu kommen, dass Sie Ihre Daten an Dritte \u00fcber deren eigene Dienste \u00fcbermitteln, insbesondere dann, wenn Sie Zahlungen vornehmen. \u00dcber diese Daten k\u00f6nnen wir jedoch nicht verf\u00fcgen, da ihre Erhebung und Verarbeitung den f\u00fcr diese Dritten spezifischen Bedingungen unterliegt. Wir empfehlen Ihnen, deren Bedingungen zu \u00fcberpr\u00fcfen, bevor Sie Ihre Daten in diesem Rahmen weitergeben.<br \/>\nIhre IP-Adresse (die Ihrem Computer im Internet zugewiesene Identifikationsnummer) wird automatisch erfasst. Wir setzen Sie dar\u00fcber in Kenntnis, dass der Dienst m\u00f6glicherweise automatische Tracking-Verfahren (Cookies) einsetzt, die Sie ablehnen k\u00f6nnen, indem Sie, wie in den Allgemeinen Gesch\u00e4ftsbedingungen dieser Website ausgef\u00fchrt, die entsprechenden Einstellungen in Ihrem Internetbrowser \u00e4ndern.<br \/>\nGrunds\u00e4tzlich ist es Ihnen m\u00f6glich, die Website <a href=\"https:\/\/www.topivo.fr\/\">https:\/\/www.topivo.fr\/<\/a> zu besuchen, ohne personenbezogene Informationen \u00fcber sich selbst zu \u00fcbermitteln. Eine Verpflichtung zur \u00dcbermittlung dieser Informationen besteht f\u00fcr Sie jedenfalls nicht. Es kann jedoch sein, dass Sie im Falle einer Weigerung bestimmte Informationen oder Dienste nicht in Anspruch nehmen k\u00f6nnen.<br \/>\nUnabh\u00e4ngig von ihrer Verwendung erfassen, nutzen und teilen wir auch aggregierte Daten wie etwa statistische oder demografische Daten. Aggregierte Daten k\u00f6nnen aus Ihren pers\u00f6nlichen Informationen stammen, fallen aber nicht unter den gesetzlichen Schutz personenbezogener Daten, da Sie durch diese nicht identifizierbar sind. So k\u00f6nnen wir beispielsweise Ihre Nutzungsdaten zusammenfassen, um den Prozentsatz der Nutzer zu berechnen, die auf eine bestimmte Funktion der Website zugreifen.<br \/>\nUm verbesserte Inhalte und Dienstleistungen anbieten zu k\u00f6nnen, verwendet die Website <a href=\"https:\/\/www.topivo.fr\/\">https:\/\/www.topivo.fr\/<\/a> den Analysedienst Google Analytics. Google Analytics verfolgt nicht Ihr Surfverhalten auf Websites von Dritten. Die Informationen \u00fcber Ihre Person, auf die Google Analytics Zugriff hat, enthalten keine personenbezogenen Daten \u00fcber Sie.<br \/>\nWir erheben keine sogenannten \u201esensiblen\u201c Daten.<br \/>\nDie Kontaktdaten der auf der Website registrierten Nutzer werden gem\u00e4\u00df den Bestimmungen des franz\u00f6sischen Datenschutzgesetzes vom 6. Januar 1978 gespeichert. Laut diesem Gesetz haben diese das Recht, auf die von ihnen bereitgestellten Daten zuzugreifen, sie zu widerrufen, zu \u00e4ndern oder zu berichtigen. Um dieses Recht auszu\u00fcben, muss der Nutzer lediglich einen entsprechenden Antrag an die folgende E-Mail-Adresse senden: <a href=\"mailto:contact@topivo.fr\">contact@topivo.fr<\/a> oder per Post: TOPIVO, 2190 BD DE LA DEFENSE 92000 NANTERRE, FRANKREICH.<br \/>\nDie Erhebung personenbezogener Daten der Nutzer durch den Herausgeber erfordert keine Meldung an die franz\u00f6sische Datenschutzbeh\u00f6rde (Commission Nationale de l\u2019Informatique et des Libert\u00e9s \u2013 CNIL).<\/p>\n<hr\/>\n<h2><strong>Identit\u00e4t des f\u00fcr die Verarbeitung Verantwortlichen<\/strong><\/h2>\n<p>Der Verantwortliche f\u00fcr die Verarbeitung ist Topivo mit Sitz unter folgender Adresse: TOPIVO, 2190 BD DE LA DEFENSE 92000 NANTERRE, FRANKREICH.<\/p>\n<hr\/>\n<h2><strong>Zweck der erhobenen Daten<\/strong><\/h2>\n<p>Die auf den Formularen der Website als obligatorisch gekennzeichneten Daten sind erforderlich, um die entsprechenden Funktionen der Website nutzen zu k\u00f6nnen, insbesondere die Vorg\u00e4nge in Bezug auf die darin angebotenen Inhalte.<\/p>\n<p>Die Website kann die Daten ihrer Nutzer zu folgenden Zwecken sammeln und verarbeiten:<\/p>\n<ul>\n<li>Um Ihnen die Informationen oder Dienste zur Verf\u00fcgung zu stellen, die Sie abonniert haben, insbesondere: Versand von Newslettern, Werbeangeboten etc.<\/li>\n<li>Um Informationen zu erheben, die es uns erm\u00f6glichen, unsere Website, Produkte und Dienste zu verbessern (insbesondere durch die Verwendung von Cookies).<\/li>\n<li>Zum Zweck der Kontaktaufnahme mit Ihnen bez\u00fcglich: Ihres Projekts.<\/li>\n<\/ul>\n<hr\/>\n<h2><strong>Empf\u00e4nger und Nutzung der erhobenen Daten<\/strong><\/h2>\n<p>Die von uns erhobenen Daten werden zum Zweck der Durchf\u00fchrung von Vorg\u00e4ngen an den Inhalten des Dienstes verarbeitet.<br \/>\nSie k\u00f6nnen elektronische Post (E-Mails) von unserem Dienst erhalten, insbesondere im Rahmen von Newslettern, denen Sie zugestimmt haben. Sie k\u00f6nnen verlangen, diese E-Mails nicht mehr zu erhalten, indem Sie uns unter der Adresse <a href=\"mailto:contact@topivo.fr\">contact@topivo.fr<\/a> kontaktieren oder sich \u00fcber den entsprechenden Link in jeder an Sie gerichteten E-Mail abmelden.<br \/>\nTopivo ist alleiniger Empf\u00e4nger Ihrer personenbezogenen Daten. Sie werden niemals an Dritte weitergegeben, ungeachtet der Subunternehmer, auf die Topivo zur\u00fcckgreift. Weder Topivo noch seine Subunternehmer vermarkten die personenbezogenen Daten der Besucher und Nutzer seiner Website.<br \/>\nIhre personenbezogenen Daten k\u00f6nnen zu den in dieser Datenschutzrichtlinie festgelegten Zwecken an die im Folgenden aufgef\u00fchrten Dritten weitergegeben werden.<br \/>\nWir verlangen von allen Dritten, dass sie die Sicherheit Ihrer personenbezogenen Daten gew\u00e4hrleisten und diese gem\u00e4\u00df den gesetzlichen Bestimmungen verarbeiten. Wir gestatten unseren Drittanbietern nicht, Ihre Daten zu nutzen.<\/p>\n<hr\/>\n<h2><strong>Rechtsgrundlagen f\u00fcr die Datenverarbeitung<\/strong><\/h2>\n<p>Gem\u00e4\u00df der Datenschutzgrundverordnung (DSGVO) verarbeitet Topivo personenbezogene Daten nur in den folgenden F\u00e4llen: Mit Ihrer Zustimmung, wenn eine vertragliche Verpflichtung besteht (ein Vertrag zwischen Topivo und Ihnen), um einer gesetzlichen Verpflichtung nachzukommen (gem\u00e4\u00df EU-Recht bzw. nationalem Recht).<\/p>\n<hr\/>\n<h2><strong>Sicherheit der Daten<\/strong><\/h2>\n<p>Wir setzen Sie dar\u00fcber in Kenntnis, dass Ihre Daten aufgrund eines Gesetzes, einer Verordnung oder einer Entscheidung einer zust\u00e4ndigen Regulierungsbeh\u00f6rde oder eines Gerichts offengelegt werden k\u00f6nnen oder, wenn dies notwendig ist, um die Rechte und Interessen des Herausgebers zu wahren.<br \/>\nWir haben angemessene Sicherheitsma\u00dfnahmen ergriffen, um zu verhindern, dass Ihre personenbezogenen Daten versehentlich verloren gehen, verwendet, ver\u00e4ndert, offengelegt oder unbefugt eingesehen werden. Dar\u00fcber hinaus unterliegt der Zugriff auf Ihre personenbezogenen Daten einem festgelegten und dokumentierten Sicherheitsverfahren.<\/p>\n<hr\/>\n<h2><strong>Dauer der Datenspeicherung<\/strong><\/h2>\n<p>Die Daten werden beim Hostinganbieter der Website gespeichert, dessen Kontaktdaten im Impressum der Website angegeben sind, und werden nur so lange aufbewahrt, wie es f\u00fcr die Erf\u00fcllung der oben genannten Zwecke unbedingt erforderlich ist, ohne 36 Monate zu \u00fcberschreiten. Nach Ablauf dieser Frist werden sie ausschlie\u00dflich zu statistischen Zwecken aufbewahrt und nicht weiter ausgewertet.<\/p>\n<hr\/>\n<h2><strong>Bevollm\u00e4chtigte Dienstleister und \u00dcbermittlung in ein Drittland au\u00dferhalb der Europ\u00e4ischen Union<\/strong><\/h2>\n<p>Topivo weist Sie darauf hin, dass es autorisierte Dienstanbieter einsetzt, um die Erfassung und Verarbeitung der von Ihnen \u00fcbermittelten Daten zu erleichtern. Diese Dienstanbieter k\u00f6nnen sich au\u00dferhalb der Europ\u00e4ischen Union befinden und haben Zugriff auf die Daten, die \u00fcber die verschiedenen Formulare auf der Website gesammelt werden.<br \/>\nTopvio hat sich im Vorfeld vergewissert, dass seine Dienstanbieter angemessene Garantien bieten und strenge Bedingungen hinsichtlich Vertraulichkeit, Nutzung und Schutz der Daten einhalten. Dabei wurde insbesondere darauf geachtet, ob f\u00fcr die Durchf\u00fchrung einer Daten\u00fcbermittlung in ein Drittland eine Rechtsgrundlage besteht. In diesem Zusammenhang unterliegen einige unserer Dienstanbieter internen Unternehmensregeln (bzw. \u201eBinding Corporate Rules\u201c), die 2016 von der franz\u00f6sischen Datenschutzbeh\u00f6rde CNIL genehmigt wurden, w\u00e4hrend andere nicht nur den Standardvertragsklauseln, sondern auch dem \u201ePrivacy Shield\u201c unterliegen.<\/p>\n<hr\/>\n<h2><strong>Datenschutzrechte<\/strong><\/h2>\n<p>Gem\u00e4\u00df den Gesetzen zum Schutz personenbezogener Daten haben Sie die nachstehend aufgef\u00fchrten Rechte, die Sie, wie in Artikel 1 dieser Datenschutzrichtlinie beschrieben, aus\u00fcben k\u00f6nnen, indem Sie an die oben genannte Postanschrift (TOPIVO, 2190 BD DE LA DEFENSE 92000 NANTERRE, FRANKREICH) schreiben oder eine E-Mail senden an  <a href=\"mailto:contact@topivo.fr\">contact@topivo.fr<\/a> :<\/p>\n<ul>\n<li>Recht auf Information: Wir sind verpflichtet, Sie dar\u00fcber zu informieren, wie wir Ihre personenbezogenen Daten verwenden (wie in dieser Datenschutzrichtlinie beschrieben).<\/li>\n<li>Recht auf Zugang: Dies ist Ihr Recht, Zugang zu den Sie betreffenden Daten zu beantragen, um eine Kopie der von uns gespeicherten personenbezogenen Daten zu erhalten. Aufgrund der Sicherheits- und Vertraulichkeitsverpflichtung von Topivo bei der Verarbeitung personenbezogener Daten setzen wir Sie jedoch dar\u00fcber in Kenntnis, dass Ihre Anfrage nur dann bearbeitet wird, wenn Sie einen Identit\u00e4tsnachweis erbringen, insbesondere durch Vorlage eines Scans oder einer Fotokopie Ihres g\u00fcltigen Ausweisdokuments.<\/li>\n<li>Recht auf Berichtigung: Das Recht, von uns die Berichtigung unvollst\u00e4ndiger oder unrichtiger personenbezogener Daten \u00fcber Sie zu verlangen. Im Rahmen dieses Rechts sind Sie gesetzlich dazu befugt, die Berichtigung, Aktualisierung, Sperrung oder sogar L\u00f6schung Ihrer Daten zu verlangen, die ungenau, fehlerhaft, unvollst\u00e4ndig oder veraltet sein k\u00f6nnen.<\/li>\n<li>Recht auf L\u00f6schung, auch bekannt als \u201eRecht auf Vergessenwerden\u201c: In bestimmten F\u00e4llen k\u00f6nnen Sie uns auffordern, die personenbezogenen Daten, die wir \u00fcber Sie gespeichert haben, zu l\u00f6schen (es sei denn, es gibt einen zwingenden rechtlichen Grund, der uns zur Aufbewahrung dieser Daten verpflichtet).<\/li>\n<li>Recht auf Einschr\u00e4nkung der Verarbeitung: In bestimmten F\u00e4llen haben Sie das Recht, uns aufzufordern, die Verarbeitung Ihrer personenbezogenen Daten auszusetzen.<\/li>\n<li>Recht auf Daten\u00fcbertragbarkeit: Sie haben das Recht, von uns eine Kopie Ihrer personenbezogenen Daten in einem g\u00e4ngigen Format (z.&nbsp;B.: .csv) anzufordern.<\/li>\n<li>Recht auf Widerspruch: Sie haben das Recht, der Verarbeitung Ihrer personenbezogenen Daten zu widersprechen (indem Sie uns beispielsweise verbieten, Ihre Daten f\u00fcr Direktmarketingzwecke zu verarbeiten).<\/li>\n<\/ul>\n<p>Die Aus\u00fcbung dieses Rechts ist jedoch nur in einer der beiden folgenden F\u00e4lle m\u00f6glich: wenn die Aus\u00fcbung dieses Rechts auf legitimen Gr\u00fcnden beruht oder wenn die Aus\u00fcbung dieses Rechts darauf abzielt, die Verwendung der erhobenen Daten f\u00fcr kommerzielle Zwecke zu verhindern.<br \/>\nKontaktieren Sie uns, wenn Sie eines der oben aufgef\u00fchrten Rechte aus\u00fcben m\u00f6chten, indem Sie ein Schreiben an TOPIVO, 2190 BD DE LA DEFENSE 92000 NANTERRE, FRANKREICH richten oder eine E-Mail an contact@topivo.fr senden.<br \/>\nF\u00fcr den Zugang zu Ihren personenbezogenen Daten (oder die Aus\u00fcbung anderer Rechte) werden Ihnen keine Geb\u00fchren berechnet. Wir k\u00f6nnen Ihnen jedoch eine angemessene Geb\u00fchr in Rechnung stellen, wenn Ihre Anfrage offensichtlich unbegr\u00fcndet, wiederholt oder \u00fcbertrieben ist. In diesem Fall k\u00f6nnen wir uns auch weigern, auf Ihre Anfrage zu antworten.<br \/>\nTopivo ist gegebenenfalls berechtigt, sich Anfragen zu widersetzen, die aufgrund ihres systematischen, wiederholenden Charakters oder ihrer Anzahl offensichtlich missbr\u00e4uchlich sind.<br \/>\nWir k\u00f6nnen bestimmte Informationen von Ihnen anfordern, um Ihre Identit\u00e4t zu best\u00e4tigen und Ihr Recht auf Zugang zu Ihren personenbezogenen Daten (oder die Aus\u00fcbung anderer Rechte) zu gew\u00e4hrleisten. Dies ist eine Sicherheitsma\u00dfnahme, um mehr Informationen in Bezug auf Ihre Anfrage zu erhalten und Ihnen schneller antworten zu k\u00f6nnen. um sicherzustellen, dass diese personenbezogenen Daten nicht an Personen weitergegeben werden, die nicht zum Empfang dieser Daten berechtigt sind. Wir k\u00f6nnen Sie auch kontaktieren zwecks Erhaltung<br \/>\nWir bem\u00fchen uns, alle berechtigten Anfragen innerhalb eines Monats zu beantworten. Diese einmonatige Frist kann \u00fcberschritten werden, wenn Ihr Antrag besonders komplex ist oder Sie mehrere Antr\u00e4ge gestellt haben. In diesem Fall werden wir Sie benachrichtigen und Sie auf dem Laufenden halten.<\/p>\n<hr\/>\n<h2><strong>Beschwerde bei der Datenschutzbeh\u00f6rde<\/strong><\/h2>\n<p>Wenn Sie der Meinung sind, dass Topivo seinen Verpflichtungen in Bezug auf Ihre personenbezogenen Daten nicht nachkommt, haben Sie die M\u00f6glichkeit, eine Beschwerde oder eine Anfrage bei der zust\u00e4ndigen Beh\u00f6rde einreichen. In Frankreich ist die zust\u00e4ndige Beh\u00f6rde die CNIL, an die Sie auf elektronischem Wege eine Anfrage an folgende Adresse richten k\u00f6nnen: <a href=\"https:\/\/www.cnil.fr\/fr\/plaintes\/internet\" target=\"_blank\" rel=\"noopener\">https:\/\/www.cnil.fr\/fr\/plaintes\/internet<\/a>.<\/p>\n<hr\/>\n<h2><strong>Cookie-Richtlinie<\/strong><\/h2>\n<p>Bei Ihrem ersten Besuch der Website <a href=\"https:\/\/www.topivo.fr\/\">https:\/\/www.topivo.fr\/<\/a> werden Sie durch ein Banner am unteren Rand Ihres Bildschirms darauf hingewiesen, dass Informationen \u00fcber Ihre Navigation in alphanumerischen Dateien, den sogenannten \u201eCookies\u201c, gespeichert werden k\u00f6nnen. Unsere Cookie-Richtlinie erm\u00f6glicht Ihnen ein besseres Verst\u00e4ndnis der Bestimmungen, die wir hinsichtlich der Navigation auf unserer Website umsetzen. Sie informiert Sie insbesondere \u00fcber alle auf unserer Website vorhandenen Cookies sowie deren Zweck und kl\u00e4rt Sie dar\u00fcber auf, wie sich diese einstellen lassen.<\/p>\n<h3><strong>Allgemeine Informationen zu den Cookies auf der Website<\/strong><\/h3>\n<p>Als Herausgeber dieser Website kann Topivo  Cookies auf der Festplatte Ihres Endger\u00e4ts (Computer, Tablet, Handy usw.) installieren, um eine reibungslose und optimale Navigation auf unserer Website zu gew\u00e4hrleisten.<br \/>\n\u201eCookies\u201c sind kleine Textdateien von begrenzter Gr\u00f6\u00dfe, die es uns erm\u00f6glichen, Ihren Computer, Ihr Tablet oder Ihr Mobiltelefon zu erkennen, um die von uns angebotenen Dienste in Bezug auf Ihre Nutzung zu personalisieren.<br \/>\nDie durch Cookies gesammelten Informationen erm\u00f6glichen in keiner Weise eine namentliche Identifizierung Ihrer Person. Sie werden ausschlie\u00dflich f\u00fcr unsere eigenen Zwecke verwendet, um die Interaktivit\u00e4t und Leistung unserer Website zu verbessern und Ihnen Inhalte zu senden, die Ihren Interessen entsprechen. Keine dieser Informationen wird an Dritte weitergegeben, es sei denn, Topivo hat Ihre vorherige Zustimmung eingeholt oder die Offenlegung dieser Informationen ist gesetzlich vorgeschrieben oder erfolgt auf Anordnung eines Gerichts oder einer Verwaltungs- oder Justizbeh\u00f6rde, die zur Kenntnisnahme dieser Informationen befugt ist.<br \/>\nUm Sie besser \u00fcber die durch Cookies identifizierten Informationen aufzukl\u00e4ren, finden Sie unter der Adresse <a href=\"https:\/\/www.topivo.fr\/politique-de-confidentialite\/\">https:\/\/www.topivo.fr\/politique-de-confidentialite\/<\/a> eine Tabelle mit den verschiedenen Arten von Cookies, die auf der Website von Topivo verwendet werden k\u00f6nnen, sowie deren Bezeichnung, Zweck und Speicherdauer.<\/p>\n<h3><strong>Konfigurierung Ihrer Cookie-Einstellungen<\/strong><\/h3>\n<p>Sie k\u00f6nnen die Installation von Cookies jederzeit akzeptieren oder ablehnen.<br \/>\nWenn Sie zum ersten Mal die Website https:\/\/www.topivo.fr\/ besuchen, erscheint am unteren Rand Ihres Bildschirms ein Banner mit kurzen Informationen \u00fcber die Installation von Cookies und \u00e4hnlichen Technologien. Dieses Banner weist Sie darauf hin, dass Sie durch die fortgesetzte Nutzung der Website von Topivo (z.&nbsp;B. durch das Laden einer neuen Seite oder das Anklicken verschiedener Elemente der Website) der Speicherung von Cookies auf Ihrem Ger\u00e4t zustimmen.<br \/>\nJe nach Art des betreffenden Cookies kann die Einholung Ihrer Zustimmung zur Ablage und zum Lesen von Cookies auf Ihrem Endger\u00e4t zwingend erforderlich sein.<\/p>\n<h3><strong>Von der Zustimmung ausgenommene Cookies<\/strong><\/h3>\n<p>Gem\u00e4\u00df den Empfehlungen der franz\u00f6sischen Datenschutzbeh\u00f6rde (CNIL) sind bestimmte Cookies von der vorherigen Einholung Ihrer Zustimmung befreit, sofern sie f\u00fcr den Betrieb der Website unbedingt erforderlich sind oder ausschlie\u00dflich dazu dienen, die Kommunikation auf elektronischem Wege zu erm\u00f6glichen oder zu erleichtern. Dazu geh\u00f6ren insbesondere Cookies f\u00fcr die Sitzungs-ID, die Authentifizierung, die Lastverteilung sowie Cookies zur Personalisierung Ihrer Benutzeroberfl\u00e4che. Derartige Cookies unterliegen dieser Richtlinie in vollem Umfang, sofern sie von Topivo ausgegeben und verwaltet werden.<\/p>\n<h3><strong>Cookies, die die vorherige Einholung Ihrer Zustimmung erfordern<\/strong><\/h3>\n<p>Diese Anforderung gilt f\u00fcr Cookies, die von Dritten ausgegeben und als \u201edauerhaft\u201c bezeichnet werden, da sie auf Ihrem Endger\u00e4t verbleiben, bis sie gel\u00f6scht werden oder ihr Ablaufdatum erreichen.<br \/>\nDa solche Cookies von Dritten gesetzt werden, unterliegt ihre Verwendung und Hinterlegung deren eigenen Datenschutzrichtlinien. Einen entsprechenden Link finden Sie weiter unten. Dieser Cookie-Typ umfasst Cookies zur Webanalyse, Werbecookies, die nicht von Topivo in Anspruch genommen werden, sowie Cookies zum Teilen in sozialen Netzwerken (Facebook, YouTube, Twitter, LinkedIn usw.). Cookies zum Teilen in sozialen Netzwerken werden vom Herausgeber des jeweiligen sozialen Netzwerks ausgegeben und verwaltet. Vorbehaltlich Ihrer Zustimmung erm\u00f6glichen Ihnen diese Cookies, einige der auf der Website ver\u00f6ffentlichten Inhalte auf einfache Weise zu teilen, insbesondere \u00fcber einen \u201eButton\u201c zum Teilen im jeweiligen sozialen Netzwerk.<br \/>\nWebanalyse-Cookies erstellen Statistiken \u00fcber den Besuch und die Nutzung verschiedener Elemente der Website (wie z.&nbsp;B. die Inhalte\/Seiten, die Sie besucht haben). Diese Daten tragen zur Verbesserung der Benutzerfreundlichkeit der Website bei. Auf der Website https:\/\/www.topivo.fr\/ wird ein Tool zur Besuchermessung (Google Analytics) verwendet; die Datenschutzrichtlinie ist auf Franz\u00f6sisch unter der folgenden Internetadresse verf\u00fcgbar: <a href=\"https:\/\/www.google.com\/analytics\/learn\/privacy.html\" target=\"_blank\" rel=\"noopener\">https:\/\/www.google.com\/analytics\/learn\/privacy.html<\/a><\/p>\n<h3><strong>Tools zur Einstellung von Cookies<\/strong><\/h3>\n<p>Die meisten Internetbrowser sind standardm\u00e4\u00dfig so eingestellt, dass das Ablegen von Cookies erlaubt ist. Ihr Browser bietet Ihnen jedoch die M\u00f6glichkeit, diese Standardeinstellungen so zu \u00e4ndern, dass alle Cookies systematisch abgelehnt werden oder nur einige Cookies je nach Herausgeber akzeptiert oder abgelehnt werden.<\/p>\n<blockquote class=\"alert alert-danger\"><p>ACHTUNG: Wir weisen Sie darauf hin, dass die Verweigerung der Installation von Cookies auf Ihrem Endger\u00e4t Ihre Benutzererfahrung sowie Ihren Zugang zu bestimmten Diensten oder Funktionen dieser Website beeintr\u00e4chtigen kann. Topivo lehnt jegliche Verantwortung f\u00fcr die Folgen einer Verschlechterung Ihrer Browsing-Bedingungen ab, die aufgrund Ihrer Entscheidung auftreten, die f\u00fcr den Betrieb der Website erforderlichen Cookies abzulehnen, zu l\u00f6schen oder zu blockieren. Diese Folgen stellen keinen Schaden dar und folglich kann hierf\u00fcr kein Schadenersatz verlangt werden.<\/p><\/blockquote>\n<p>Ihr Browser erm\u00f6glicht Ihnen auch, vorhandene Cookies auf Ihrem Ger\u00e4t zu l\u00f6schen oder Sie zu benachrichtigen, wenn voraussichtlich neue Cookies auf Ihrem Endger\u00e4t installiert werden. Diese Einstellungen haben keinen Einfluss auf Ihre Browsing-Erfahrung, jedoch verlieren Sie alle Vorteile, die Ihnen das Cookie bietet.<br \/>\nNachfolgend finden Sie Informationen zu den zahlreichen Tools, die Ihnen zur Verf\u00fcgung stehen, um die Cookies zu konfigurieren, die auf Ihrem Endger\u00e4t installiert werden.<\/p>\n<h3><strong>Einstellungen Ihres Internetbrowsers<\/strong><\/h3>\n<p>Jeder Internetbrowser bietet eigene Einstellungen zur Verwaltung von Cookies. Um zu erfahren, wie Sie Ihre Cookie-Einstellungen \u00e4ndern k\u00f6nnen, lesen Sie sich bitte die Dokumentation Ihres Internetbrowsers durch.<br \/>\nWeitere Informationen zu Cookie-Verwaltungstools finden Sie auf der Website der franz\u00f6sischen Datenschutzbeh\u00f6rde <a href=\"https:\/\/www.cnil.fr\/fr\/cookies-les-outils-pour-les-maitriser\" target=\"_blank\" rel=\"noopener\">CNIL<\/a>.<br \/>\nWenn Sie Fragen haben oder weitere Informationen zu dieser Cookie-Richtlinie ben\u00f6tigen, nehmen Sie bitte Kontakt zu uns auf.<\/p>\n<h3><strong>Liste der Cookies<\/strong><\/h3>\n<p>Eine detaillierte Liste der auf der Website <a href=\"https:\/\/www.topivo.fr\/\">https:\/\/www.topivo.fr\/<\/a> verwendeten Cookies:<\/p>\n<ul>\n<li>_ga, _gat, _gid \u2013 Google Analytics<\/li>\n<\/ul>\n","protected":false},"excerpt":{"rendered":"<p>Definition der in der Datenschutzrichtlinie verwendeten Begriffe Nachfolgend werden bezeichnet: \u00ab \u201ePersonenbezogene Daten\u201c: wird gem\u00e4\u00df dem franz\u00f6sischen Datenschutzgesetz vom 6. Januar 1978 definiert als \u201ejede Information zu einer identifizierten oder identifizierbaren nat\u00fcrlichen Person oder zu einer Person, die durch die Heranziehung einer Identifikationsnummer oder einer oder mehrerer sie betreffender Merkmale direkt oder indirekt identifiziert werden [&hellip;]<\/p>\n","protected":false},"author":1,"featured_media":0,"parent":0,"menu_order":0,"comment_status":"closed","ping_status":"open","template":"page-template-confidentiality.php","meta":{"_acf_changed":false,"footnotes":""},"class_list":["post-13275","page","type-page","status-publish","hentry"],"acf":[],"_links":{"self":[{"href":"https:\/\/www.topivo.fr\/de\/wp-json\/wp\/v2\/pages\/13275","targetHints":{"allow":["GET"]}}],"collection":[{"href":"https:\/\/www.topivo.fr\/de\/wp-json\/wp\/v2\/pages"}],"about":[{"href":"https:\/\/www.topivo.fr\/de\/wp-json\/wp\/v2\/types\/page"}],"author":[{"embeddable":true,"href":"https:\/\/www.topivo.fr\/de\/wp-json\/wp\/v2\/users\/1"}],"replies":[{"embeddable":true,"href":"https:\/\/www.topivo.fr\/de\/wp-json\/wp\/v2\/comments?post=13275"}],"version-history":[{"count":2,"href":"https:\/\/www.topivo.fr\/de\/wp-json\/wp\/v2\/pages\/13275\/revisions"}],"predecessor-version":[{"id":13329,"href":"https:\/\/www.topivo.fr\/de\/wp-json\/wp\/v2\/pages\/13275\/revisions\/13329"}],"wp:attachment":[{"href":"https:\/\/www.topivo.fr\/de\/wp-json\/wp\/v2\/media?parent=13275"}],"curies":[{"name":"wp","href":"https:\/\/api.w.org\/{rel}","templated":true}]}}