{"id":13264,"date":"2021-06-29T11:45:36","date_gmt":"2021-06-29T09:45:36","guid":{"rendered":"https:\/\/www.topivo.fr\/mentions-legales\/"},"modified":"2025-11-12T14:03:56","modified_gmt":"2025-11-12T13:03:56","slug":"mentions-legales","status":"publish","type":"page","link":"https:\/\/www.topivo.fr\/de\/mentions-legales\/","title":{"rendered":"Impressum"},"content":{"rendered":"<h2><strong>Vertraulichkeitsklausel<\/strong><\/h2>\n<p>Topivo verpflichtet sich, Ihre E-Mail-Adresse oder andere personenbezogene Daten nicht zu verkaufen, zu vermieten oder anderweitig offenzulegen.<br \/>\nGem\u00e4\u00df den Bestimmungen des franz\u00f6sischen Datenschutzgesetzes Nr. 78\u201317 vom 6. Januar 1978 haben Sie ein Recht auf Zugang, Berichtigung und Widerspruch bez\u00fcglich der Sie betreffenden personenbezogenen Daten.<\/p>\n<hr\/>\n<h2><strong>Eigentum der Website<\/strong><\/h2>\n<p>Die Website <a href=\"https:\/\/www.topivo.fr\/\">https:\/\/www.topivo.fr\/<\/a> ist Eigentum von Topivo, SAS mit einem Kapital von 1000 Euro, eingetragen im Handels- und Gesellschaftsregister unter der SIREN-Nummer: 817 432 594, mit Sitz in TOPIVO, 2190 BD DE LA DEFENSE 92000 NANTERRE, FRANKREICH.<\/p>\n<hr\/>\n<h2><strong>Inhalt der Seite<\/strong><\/h2>\n<p>Der Inhalt der Website setzt sich aus ihrer allgemeinen Struktur und den sie bildenden Elementen zusammen: Texte, animierte oder nicht animierte Bilder, T\u00f6ne und Multimedia-Elemente.<br \/>\nJede vollst\u00e4ndige oder teilweise Darstellung dieser Website und ihres Inhalts, gleichg\u00fcltig mit welchen Mitteln, ohne vorherige ausdr\u00fcckliche Genehmigung von Topivo ist verboten und stellt eine Verletzung der Artikel L335-2 ff. des franz\u00f6sischen Gesetzes \u00fcber geistiges Eigentum dar.<br \/>\nAlle Bilder, Texte und Beschreibungen auf der Site sind in keiner Weise vertraglich bindend.<\/p>\n<hr\/>\n<h2><strong>Geistiges Eigentum<\/strong><\/h2>\n<p>Topivo besitzt, beansprucht und beh\u00e4lt sich alle Eigentumsrechte vor, insbesondere geistige Eigentumsrechte, einschlie\u00dflich der Vervielf\u00e4ltigungsrechte an dieser Website und den darin enthaltenen Elementen. Folglich ist insbesondere die teilweise oder vollst\u00e4ndige Reproduktion dieser Website und der darin enthaltenen Elemente ohne vorherige schriftliche Genehmigung von Topivo strengstens untersagt.<\/p>\n<p>Die Logos sowie alle anderen Kennzeichen auf dieser Website sind Eigentum von Topivo oder unterliegen einer besonderen Nutzungsgenehmigung. Ohne schriftliche Genehmigung von Topivo oder einem Dritten, der Rechtsinhaber ist, d\u00fcrfen keine Rechte oder Lizenzen an diesen Elementen gew\u00e4hrt werden.<\/p>\n<hr\/>\n<h2><strong>Hyperlinks<\/strong><\/h2>\n<p>Topivo \u00fcbernimmt keinerlei Haftung f\u00fcr auf dieser Website eingerichtete Hypertext-Links, die den Zugang zu anderen Ressourcen im Internet erm\u00f6glichen.<\/p>\n<p>Die Website kann Links zu anderen Websites oder anderen Internetquellen enthalten. Da sich diese Websites und externen Quellen der Kontrolle von Topivo entziehen, kann Topivo f\u00fcr die Bereitstellung dieser Websites und externen Quellen nicht verantwortlich gemacht werden und lehnt daher jegliche Haftung f\u00fcr Inhalte, Werbung, Produkte, Dienste oder andere Materialien ab, die auf oder \u00fcber diese Websites oder externen Quellen verf\u00fcgbar sind. Diese Links werden den Nutzern der Website www.topivo.fr lediglich als Service angeboten. Die Entscheidung zur Aktivierung der Links liegt ausschlie\u00dflich bei Ihnen. Wir weisen Sie darauf hin, dass Websites, die nicht unserem Unternehmen angeh\u00f6ren, ihren eigenen Nutzungsbedingungen unterliegen.<\/p>\n<hr\/>\n<h2><strong>Datenschutzgesetz<\/strong><\/h2>\n<p>Die Nutzer der Website verpflichten sich, die Bestimmungen des franz\u00f6sischen Datenschutzgesetzes einzuhalten, deren Verletzung strafrechtlich geahndet werden kann. Insbesondere m\u00fcssen sie in Bezug auf die personenbezogenen Daten, zu denen sie Zugang haben, jede Erhebung, jede missbr\u00e4uchliche Verwendung und generell jede Handlung unterlassen, die die Privatsph\u00e4re oder den Ruf von Personen beeintr\u00e4chtigen k\u00f6nnte. Zuwiderhandlungen werden gem\u00e4\u00df den Bestimmungen von Abschnitt V des neuen Strafgesetzbuches (\u201enouveau code p\u00e9nal\u201c) mit dem Titel \u201eAngriffe auf Pers\u00f6nlichkeitsrechte durch Dateien oder computergest\u00fctzte Verarbeitungen\u201c und Kapitel III mit dem Titel \u201eAngriffe auf automatisierte Datenverarbeitungssysteme\u201c strafrechtlich geahndet. Die personenbezogenen Daten, die Sie an Topivo \u00fcbermitteln, werden nicht an Dritte weitergegeben.<br \/>\nSie haben das Recht, auf die Ihre Person betreffenden Daten zuzugreifen, sie zu \u00e4ndern, zu berichtigen und zu l\u00f6schen (Art. 34 des franz\u00f6sischen Datenschutzgesetzes). Um dieses Recht auszu\u00fcben, wenden Sie sich bitte per E-Mail an Topivo unter der Adresse <a href=\"mailto:contact@topivo.fr\">contact@topivo.fr<\/a>.<\/p>\n<hr\/>\n<h2><strong>Hosting der Website<\/strong><\/h2>\n<p>Das Hosting der Website <a href=\"https:\/\/www.topivo.fr\/\">https:\/\/www.topivo.fr\/<\/a> wird durch die Firma Topivo gew\u00e4hrleistet.<\/p>\n<hr\/>\n<h2><strong>Bildrechte<\/strong><\/h2>\n<p>Erstellung der Texte: Topivo<br \/>\nKontakt: <a href=\"mailto:contact@topivo.fr\">contact@topivo.fr<\/a><br \/>\nEntwicklung der Website und grafische Gestaltung: <a href=\"https:\/\/www.agence2web.com\/\" target=\"_blank\" rel=\"noopener\">Agence2web<\/a><\/p>\n","protected":false},"excerpt":{"rendered":"<p>Vertraulichkeitsklausel Topivo verpflichtet sich, Ihre E-Mail-Adresse oder andere personenbezogene Daten nicht zu verkaufen, zu vermieten oder anderweitig offenzulegen. Gem\u00e4\u00df den Bestimmungen des franz\u00f6sischen Datenschutzgesetzes Nr. 78\u201317 vom 6. Januar 1978 haben Sie ein Recht auf Zugang, Berichtigung und Widerspruch bez\u00fcglich der Sie betreffenden personenbezogenen Daten. Eigentum der Website Die Website https:\/\/www.topivo.fr\/ ist Eigentum von Topivo, [&hellip;]<\/p>\n","protected":false},"author":4,"featured_media":0,"parent":0,"menu_order":0,"comment_status":"closed","ping_status":"closed","template":"page-template-mentions.php","meta":{"_acf_changed":false,"footnotes":""},"class_list":["post-13264","page","type-page","status-publish","hentry"],"acf":[],"_links":{"self":[{"href":"https:\/\/www.topivo.fr\/de\/wp-json\/wp\/v2\/pages\/13264","targetHints":{"allow":["GET"]}}],"collection":[{"href":"https:\/\/www.topivo.fr\/de\/wp-json\/wp\/v2\/pages"}],"about":[{"href":"https:\/\/www.topivo.fr\/de\/wp-json\/wp\/v2\/types\/page"}],"author":[{"embeddable":true,"href":"https:\/\/www.topivo.fr\/de\/wp-json\/wp\/v2\/users\/4"}],"replies":[{"embeddable":true,"href":"https:\/\/www.topivo.fr\/de\/wp-json\/wp\/v2\/comments?post=13264"}],"version-history":[{"count":2,"href":"https:\/\/www.topivo.fr\/de\/wp-json\/wp\/v2\/pages\/13264\/revisions"}],"predecessor-version":[{"id":13332,"href":"https:\/\/www.topivo.fr\/de\/wp-json\/wp\/v2\/pages\/13264\/revisions\/13332"}],"wp:attachment":[{"href":"https:\/\/www.topivo.fr\/de\/wp-json\/wp\/v2\/media?parent=13264"}],"curies":[{"name":"wp","href":"https:\/\/api.w.org\/{rel}","templated":true}]}}